{"id":2662,"date":"2022-12-22T14:34:49","date_gmt":"2022-12-22T14:34:49","guid":{"rendered":"https:\/\/www.katheraugenstein.com\/miriam-kiefer-ll-m\/"},"modified":"2025-02-10T10:48:31","modified_gmt":"2025-02-10T10:48:31","slug":"miriam-kiefer-ll-m","status":"publish","type":"page","link":"https:\/\/www.katheraugenstein.com\/en\/team\/miriam-kiefer-ll-m\/","title":{"rendered":"Miriam Kiefer LL.M."},"content":{"rendered":"\t<section class=\"section big-visual parallax\" data-parallax-min-screen-width=\"768\">\n\t\t<picture class=\"big-visual__image-container\"><source srcset=\"https:\/\/www.katheraugenstein.com:443\/app\/uploads\/kiefer_m_1920x650-1-414x221.jpg\" width=\"414\" height=\"221\" media=\"(max-width: 414px)\" \/><source srcset=\"https:\/\/www.katheraugenstein.com:443\/app\/uploads\/kiefer_m_1920x650-1-767x410.jpg\" width=\"767\" height=\"410\" media=\"(max-width: 767px)\" \/><img fetchpriority=\"high\" decoding=\"async\" src=\"https:\/\/www.katheraugenstein.com:443\/app\/uploads\/kiefer_m_1920x650-1-1920x650.jpg\" width=\"1920\" height=\"650\" alt=\"\" class=\"big-visual__image parallax__load-image\" loading=\"edge\" \/><\/picture>\n\t\t<div class=\"big-visual__content-container\">\n\t\t\t<div class=\"big-visual__content parallax__item\" data-parallax-type=\"move\" data-parallax-orientation=\"up\" data-parallax-distance=\"70%\">\n\t\t\t\t<h1 class=\"big-visual__title big-visual__title--small\">Miriam <strong>Kiefer<\/strong> LL.M.<\/h1>\n\t\t\t\t<p class=\"big-visual__text\">Lawyer<\/p>\n\t\t\t<\/div>\n\t\t<\/div>\n\t<\/section>\n\n\n\t<section class=\"section text-box text-box--variant-3 parallax\">\n\t\t\t\t\t<h2 class=\"h1 text-box__title\">\t\t\t\tVita<\/h2>\n\t\t\n\t\t\t\t\t<div class=\"text-box__text\">\n\t\t\t\t<p class=\"text--intro\">My name is Miriam Kiefer. I am <strong>founding partner of Kather Augenstein<\/strong> and have been active as a lawyer for over 15 years. I began to specialise in industrial property rights during my studies. I rounded off my specialisation by obtaining a master\u2019s degree (LL.M.) at the Centre for Industrial Property Rights at Heinrich Heine University in D\u00fcsseldorf, and as a Certified Specialist for Intellectual Property.\u00a0<\/p>\n<p>The focus of my work is on litigation in the field of intellectual property. I have conducted more than a hundred infringement proceedings, primarily for patents and utility models. A majority of these disputes were cross-border proceedings, I am thus familiar with the coordination of multinational disputes. One of my passions is technology &#8211; however, my enthusiasm and love of detail is also engaged in other technical areas. In addition to the enforcement of technical property rights, I also represent my domestic and international clients in design, trademark infringement and unfair competition proceedings.<\/p>\n<p>My Assistant ist <strong><a href=\"https:\/\/www.katheraugenstein.com\/en\/team\/rebecca-siegert\/\">Rebecca Siegert.<\/a><\/strong><\/p>\t\t\t<\/div>\n\t\t\n\t\t\t\t<aside class=\"text-box__aside\">\n\t\t\t<h3 class=\"h3\">Contact<\/h3>\n\t\t\t<p><a class=\"link--tel\" href=\"tel:%20+492115135360\">+49(0)211 513536-0<\/a><\/p>\n<p><a class=\"link--download link--vcard\" href=\"mailto:kiefer@katheraugenstein.com\">kiefer@katheraugenstein.com<\/a><\/p>\n<p class=\"text--intro\">German, English, French<\/p>\t\t<\/aside>\n\t\t\n\t\t\t\t\t<div class=\"section__background section__background--01 \">\n\t\t\t\t<div class=\"parallax__item\" data-parallax-type=\"move\" data-parallax-orientation=\"down\" data-parallax-distance=\"80%\">\n\t\t\t\t\t<svg aria-hidden=\"true\">\n\t\t\t\t\t\t<use href=\"\/app\/themes\/kather-augenstein\/images\/sprites\/icons.svg#kather-augenstein\"><\/use>\n\t\t\t\t\t<\/svg>\n\t\t\t\t<\/div>\n\t\t\t<\/div>\n\t\t\t<\/section>\n\n\n\t\t<section class=\"section quote-slider  \">\n\t\t<div class=\"quote-slider__container\">\n\t\t\t\t\t\t\t\t\t\t\t\t<div class=\"quote-slider__item\">\n\t\t\t\t\t\t<picture class=\"quote-slider__image-container\"><source srcset=\"https:\/\/www.katheraugenstein.com:443\/app\/uploads\/miriam_kiefer_240x240-1-138x138.jpg\" width=\"138\" height=\"138\" media=\"(max-width: 414px)\" \/><source srcset=\"https:\/\/www.katheraugenstein.com:443\/app\/uploads\/miriam_kiefer_240x240-1.jpg\" width=\"240\" height=\"240\" media=\"(max-width: 767px)\" \/><source srcset=\"https:\/\/www.katheraugenstein.com:443\/app\/uploads\/miriam_kiefer_240x240-1-130x130.jpg\" width=\"130\" height=\"130\" media=\"(max-width: 1299px)\" \/><img decoding=\"async\" src=\"https:\/\/www.katheraugenstein.com:443\/app\/uploads\/miriam_kiefer_240x240-1-240x240.jpg\" width=\"240\" height=\"240\" alt=\"\" class=\"quote-slider__image parallax__load-image parallax__item\" data-parallax-type=\"class\" loading=\"lazy\" \/><\/picture>\t\t\t\t\t\t<blockquote class=\"quote-slider__quote\">\n\t\t\t\t\t\t\t<p>We concentrate fully on your mandate. Whether you have a big name or not, you enjoy first priority.<\/p>\n\t\t\t\t\t\t<\/blockquote>\n\t\t\t\t\t\t<div class=\"quote-slider__author\">\n\t\t\t\t\t\t\t\t\t\t\t\t\t\t\t<strong>Miriam Kiefer LL.M.<\/strong>, Managing Partner\t\t\t\t\t\t\t\t\t\t\t\t\t<\/div>\n\t\t\t\t\t<\/div>\n\t\t\t\t\t\t\t\t\t<\/div>\n\n\t\t\t<\/section>\n\n\n<section class=\"section collapse \">\n\t\t\t<div class=\"collapse__text text-box text-box--variant-1\">\n\t\t\t\n\t\t\t<p>In addition to my work as a litigator I am co-author of two commentaries on patent law and the UPC. Furthermore, I am also a regular speaker on issues of patent law and provide training for patent lawyers in the context of the working group in North Rhine-Westphalia. Finally, as a board member of the association &#8220;women in ip e.V.&#8221;, I am engaged in professional collaboration and the exchange of experience among women in IP.<\/p>\t\t<\/div>\n\t\n\t<div class=\"collapse__list\">\n\t\t\t\t\t<details class=\"collapse__item\">\n\t\t\t\t<summary class=\"collapse__title\">\n\t\t\t\t\tRepresentative Cases\t\t\t\t\t<span class=\"collapse__icon\"><\/span>\n\t\t\t\t<\/summary>\n\n\t\t\t\t<div class=\"collapse__container collapse\">\n\t\t\t\t\t<div class=\"collapse__content\">\n\t\t\t\t\t\t<ul>\n<li>Representing a leading global telecommunications company in a series of lawsuits <strong>against Apple<\/strong> for infringement of standard-essential patents (LTE\/5G) and implementation patents (for more information, click <a href=\"https:\/\/www.juve-patent.com\/cases\/ericsson-and-apple-escalate-patent-war-in-europe\/\">here<\/a>).<\/li>\n<li>Representation of a leading German medical technology company in various patent disputes concerning various mecical devices<\/li>\n<li>Representation of a leading global telecommunications company in a series of lawsuits <strong>against Samsung<\/strong> for infringement of standard-essential patents (LTE\/5G) and implementation patents (further information can be found <a href=\"https:\/\/www.juve-patent.com\/cases\/ericsson-sues-samsung-for-patent-infringement-in-europe\/\">here<\/a>).<\/li>\n<li>Representation of a US company against several competitors for patent infringement in the field of network security technology.<\/li>\n<li>Representation of a leading global medical device manufacturer in multiple patent disputes involving stents and catheters<\/li>\n<li>Representation of a medical device manufacturer in preliminary injunction proceedings arising from patents that had just been granted (OLG D\u00fcsseldorf, MittdtPatA 2011, 193, &#8220;Harnkatheterset&#8221;)<\/li>\n<li>Representation of a pharmaceutical company in patent disputes concerning biotechnological vaccines for animals<\/li>\n<li>Representation of a shoe manufacturer in a cross-border patent dispute concerning the sole structure of shoes<\/li>\n<li>Representation of a leading flooring manufacturer in a patent dispute concerning &#8220;click&#8221; technology in floor coverings<\/li>\n<\/ul>\t\t\t\t\t<\/div>\n\t\t\t\t<\/div>\n\t\t\t<\/details>\n\t\t\t\t\t<details class=\"collapse__item\">\n\t\t\t\t<summary class=\"collapse__title\">\n\t\t\t\t\tPublications\t\t\t\t\t<span class=\"collapse__icon\"><\/span>\n\t\t\t\t<\/summary>\n\n\t\t\t\t<div class=\"collapse__container collapse\">\n\t\t\t\t\t<div class=\"collapse__content\">\n\t\t\t\t\t\t<ul>\n<li>Commentary on numerous articles of the UPC in BeckOK, online commentary on patent law.<\/li>\n<li>Antix-Suit-Injunctions in a nutshell &#8211; A contribution to the understanding of a young accompanying phenomenon in SEP disputes, in: Mitteilungen der deutschen Patentanw\u00e4lte (Mitt.) 2022, pp. 97-106. (Co-author Dr. Benedikt Walesch)<\/li>\n<li>Liability of persons acting in the case of IP right infringements, MarkenR &#8211; Zeitschrift f\u00fcr deutsches, europ\u00e4isches und internationales Kennzeichenrecht 2022, pp. 2-10 (co-author Dr. Katharina Brandt)<\/li>\n<li>Co-author on: Festschrift Dr. Sabine Rojahn &#8211; Der Schadensersatz bei Patentverletzung in Deutschland &#8211; auch aus der Sicht von au\u00dfen (published February 2021, p. 43 ff.).<\/li>\n<li>Co-author with: Augenstein\/Wilson\/Ag\u00e9, Unified Patent Court Procedure, C.H.Beck\/Hart Publishing, expected publication 2021.<\/li>\n<li>Commentary on Art. 138 and Art. 139 EPC in: Patentrechtskommentar PatG, GebrMG, IntPat\u00dcG, PCT und EP\u00dc, (ed.: Fitzner\/ Lutz\/ Bodewig) Munich: Verlag Franz Vahlen, 4th edition, 2012<\/li>\n<\/ul>\t\t\t\t\t<\/div>\n\t\t\t\t<\/div>\n\t\t\t<\/details>\n\t\t\t\t\t<details class=\"collapse__item\">\n\t\t\t\t<summary class=\"collapse__title\">\n\t\t\t\t\tLectures\t\t\t\t\t<span class=\"collapse__icon\"><\/span>\n\t\t\t\t<\/summary>\n\n\t\t\t\t<div class=\"collapse__container collapse\">\n\t\t\t\t\t<div class=\"collapse__content\">\n\t\t\t\t\t\t<ul>\n<li>Open Special \u2013 THE UPC \u2013 year one and beyond, Copenhagen, 27.11.2024\u00a0<\/li>\n<li>Speaker at training programme \u201eUPC Litigation Certificate course\u201c, Technical University Munich, 15.11.2024 \u2013 16.11.2024\u00a0<\/li>\n<li>Lecture Series &#8220;Ringvorlesung&#8221; University Osnabr\u00fcck \u2013 Patent Validity, 13.05.2024\u00a0<\/li>\n<li>Ingolstadt Patent Days \u2013 Das Einheitliche Patentgericht \u2013 Report from first months of practice, <a href=\"https:\/\/www.thi.de\/elektro-und-informationstechnik\/ingolstaedter-patenttag\/patenttag-2024\/\">23.02.204<\/a><\/li>\n<li>UPC Update Online Seminar of Kather Augenstein,<a href=\"https:\/\/vimeo.com\/906316971\/f07a35e6c6\"> 24.01.2024<\/a><\/li>\n<li>The Proceedings before the Unified Patent Court and its Preparation from the Perspective of Patent Attorneys and Lawyers, 15.03.2023, VPP District Group Central-West, Online Seminar (co-lecturer Dr Natalie Kirchhofer)<\/li>\n<li>5G Standard &amp; Co &#8211; Legal Framework, 23.02.2023, IHK D\u00fcsseldorf, Online Seminar (co-lecturer Christian Hoymann, Ericsson)<\/li>\n<li>The European Patent with Unitary Effect (UP) and the Unified Patent Court (UPC), 08.02.2023, VPP District Group Central-West (co-lecturer Dr. Natalie Kirchhofer)<\/li>\n<li>The infringement case before the Unified Patent Court (UPC), 19\/20.01.2023 (Stuttgart), VPP (co-lecturer Dr Christof Augenstein)<\/li>\n<li>Liability of Agents and Consultants for Infringements of Intellectual Property Rights, 08.11.2022, Deutsche Anwaltakademie, Online Seminar<\/li>\n<li>Infringement Proceedings before the Unified Patent Court (UPC), 03\/04 November 2022 (Munich), VPP (co-lecturer Dr. Christof Augenstein)<\/li>\n<li>The Infringement Trial before the Unified Patent Court (UPC), 02.\/03.06.2022 (Cologne), VPP (co-lecturer Dr. Christof Augenstein)<\/li>\n<li>Introduction UP &amp; UPC, 20.05.2022, LES Spring Conference, Mannheim<\/li>\n<li>UP &amp; UPC Special, 06.04.2022, women in ip e.V., Online Seminar<\/li>\n<li>Patent Modernisation Act &#8211; an overview, LES Autumn Meeting virtual, Online Seminar, 19 November 2021<\/li>\n<li>Alternative Dispute Resolution, 7th women in ip international Forum, Online Seminar &amp; Panel Discussion, 12 November 2021<\/li>\n<li>The claim for compensation under Sec. 139 (1) sentence 4 PatG n.F., Mannheim Patent Days of the Deutsche Akademie Heidelberg, Online Seminar, 11 November 2021<\/li>\n<li>Liability of Agents and Advisors for Infringements of Intellectual Property Rights, Deutsche Anwaltsakademie, Online Seminar, 12 September, 2021<\/li>\n<li>Enforcement on SEPs &#8211; Current Bottlenecks and Solutions, EU Commission, Online Seminar, 19 May 2021<\/li>\n<li>\u00a7 Section 139 PatG The Second Patent Law Modernisation Act (co-lecturer Dr. Peter Kather), Patent Attorneys Westphal Mussgnug &amp; Partner mbB, Online Client Seminar, 10 February 2021<\/li>\n<li>(How) Can globally spread activities infringe a patent in Germany?, 6th women in ip international Forum, Online Seminar, 06 November 2020<\/li>\n<li>Liability of Agents and Advisors for Infringement, German Lawyers Academy, Online Seminar, 18 November, 2020<\/li>\n<li>The patent infringement process (III) &#8211; Judicial enforcement of claims, AG der Patentanwaltskandidaten, Gruppe D\u00fcsseldorf, Kather Augenstein Rechtsanw\u00e4lte PartGmbB, D\u00fcsseldorf, 04 December 2019<\/li>\n<li>Current developments in patent law jurisprudence: recall and removal from distribution channels, Annual Conference of the Chamber of Patent Attorneys, Advanced Training Seminar, K\u00f6nigswinter, 09 April 2019<\/li>\n<li>Liability of traders for infringements of intellectual property rights, German Lawyers Academy, Leonardo Hotel Frankfurt, 06 December 2018<\/li>\n<li>The patent infringement process (III) &#8211; Judicial enforcement of claims, AG der Patentanwaltskandidaten, Gruppe D\u00fcsseldorf, VDI Haus D\u00fcsseldorf, 06 December 2017<\/li>\n<li>Liability of acted parties for patent infringements, Seminar DAA, Cologne, 29 June 2017<\/li>\n<li>Patent infringement: Which group company is liable for what?, VPP Autumn Symposium 2015, MARITIM Hotel Cologne, 23 October 2015<\/li>\n<li>Who is liable for patent infringement? Pavis Forum, Starnberg, 5 February 2015<\/li>\n<li>Comment on BGH &#8220;Kollagenase I&#8221;, &#8220;Einkaufsk\u00fchltasche&#8221; and &#8220;Kurznachrichten&#8221; at the PatentFORUM symposium, The Charles Hotel, Munich, 27 November 2014<\/li>\n<li>The new patent system in Europe, Toronto, Canada, 17 September 2014<\/li>\n<li>Preu Seminar, &#8220;The Unified Patent Court &#8211; intensive and up-to-date&#8221;, Preu Bohlig &amp; Partner, D\u00fcsseldorf office, 14 March 2014.<\/li>\n<li>The underestimated secondary claims in patent infringement from the perspective of the patentee and the infringer, VPP Special Seminar, MARITIM Hotel Stuttgart, 4 June 2013.<\/li>\n<li>The underestimated secondary claims in patent infringement from the perspective of the patent proprietor and the patent infringer, VPP Special Seminar, MARITIM Hotel Cologne, 8 February 2012<\/li>\n<\/ul>\t\t\t\t\t<\/div>\n\t\t\t\t<\/div>\n\t\t\t<\/details>\n\t\t\t<\/div>\n\n\t<\/section>\n\n\t\t<section class=\"section quote-slider quote-slider--lavender-gray \">\n\t\t<div class=\"quote-slider__container\">\n\t\t\t\t\t\t\t\t\t\t\t\t<div class=\"quote-slider__item\">\n\t\t\t\t\t\t<picture class=\"quote-slider__image-container\"><source srcset=\"https:\/\/www.katheraugenstein.com:443\/app\/uploads\/de-recommended-lawyer-english-2022-1-138x138.jpg\" width=\"138\" height=\"138\" media=\"(max-width: 414px)\" \/><source srcset=\"https:\/\/www.katheraugenstein.com:443\/app\/uploads\/de-recommended-lawyer-english-2022-1.jpg\" width=\"148\" height=\"214\" media=\"(max-width: 767px)\" \/><source srcset=\"https:\/\/www.katheraugenstein.com:443\/app\/uploads\/de-recommended-lawyer-english-2022-1-130x130.jpg\" width=\"130\" height=\"130\" media=\"(max-width: 1299px)\" \/><img decoding=\"async\" src=\"https:\/\/www.katheraugenstein.com:443\/app\/uploads\/de-recommended-lawyer-english-2022-1.jpg\" width=\"148\" height=\"214\" alt=\"\" class=\"quote-slider__image parallax__load-image parallax__item\" data-parallax-type=\"class\" loading=\"lazy\" \/><\/picture>\t\t\t\t\t\t<blockquote class=\"quote-slider__quote\">\n\t\t\t\t\t\t\t<p>Miriam Kiefer is an excellent lawyer who is highly recommended in technical-legal complex patent proceedings.<\/p>\n\t\t\t\t\t\t<\/blockquote>\n\t\t\t\t\t\t<div class=\"quote-slider__author\">\n\t\t\t\t\t\t\t\t\t\t\t\t\t\t\t<strong>Legal 500 Deutschland<\/strong>, Ranking 2022\t\t\t\t\t\t\t\t\t\t\t\t\t<\/div>\n\t\t\t\t\t<\/div>\n\t\t\t\t\t\t\t\t\t<\/div>\n\n\t\t\t<\/section>\n\n\n\t\t<section class=\"section image-box \">\n\t\t\n\t\t<div class=\"image-box__images\">\n\t\t\t\t\t\t\t<a href=\"https:\/\/www.juve-patent.com\/firm-rankings\/rankings-upc-2025\/upc-litigators-upc-2025\/\"><picture class=\"image-box__image-container\"><source srcset=\"https:\/\/www.katheraugenstein.com:443\/app\/uploads\/JUVE-Patent_recommended-in_2025-UPC-1-414x503.jpg\" width=\"414\" height=\"503\" media=\"(max-width: 414px)\" \/><source srcset=\"https:\/\/www.katheraugenstein.com:443\/app\/uploads\/JUVE-Patent_recommended-in_2025-UPC-1-e1739183176825.jpg\" width=\"176\" height=\"214\" media=\"(max-width: 767px)\" \/><source srcset=\"https:\/\/www.katheraugenstein.com:443\/app\/uploads\/JUVE-Patent_recommended-in_2025-UPC-1-e1739183176825.jpg\" width=\"176\" height=\"214\" media=\"(max-width: 1299px)\" \/><img decoding=\"async\" src=\"https:\/\/www.katheraugenstein.com:443\/app\/uploads\/JUVE-Patent_recommended-in_2025-UPC-1-e1739183176825.jpg\" width=\"176\" height=\"214\" alt=\"\" class=\"image-box__image\" loading=\"lazy\" \/><\/picture><\/a>\t\t\t\t\t\t\t<a href=\"https:\/\/www.juve-patent.com\/firm-rankings\/rankings-germany-2024\/kather-augenstein-germany-2024\/\"><picture class=\"image-box__image-container\"><source srcset=\"https:\/\/www.katheraugenstein.com:443\/app\/uploads\/JUVE-Patent_recommended-in_2024_Germany-414x503.jpg\" width=\"414\" height=\"503\" media=\"(max-width: 414px)\" \/><source srcset=\"https:\/\/www.katheraugenstein.com:443\/app\/uploads\/JUVE-Patent_recommended-in_2024_Germany-e1730293015848.jpg\" width=\"176\" height=\"214\" media=\"(max-width: 767px)\" \/><source srcset=\"https:\/\/www.katheraugenstein.com:443\/app\/uploads\/JUVE-Patent_recommended-in_2024_Germany-e1730293015848.jpg\" width=\"176\" height=\"214\" media=\"(max-width: 1299px)\" \/><img decoding=\"async\" src=\"https:\/\/www.katheraugenstein.com:443\/app\/uploads\/JUVE-Patent_recommended-in_2024_Germany-e1730293015848.jpg\" width=\"176\" height=\"214\" alt=\"\" class=\"image-box__image\" loading=\"lazy\" \/><\/picture><\/a>\t\t\t\t\t\t\t<a href=\"https:\/\/chambers.com\/lawyer\/miriam-kiefer-global-2:25723262\"><picture class=\"image-box__image-container\"><source srcset=\"https:\/\/www.katheraugenstein.com:443\/app\/uploads\/Screenshot-2024-10-30-151354.jpg\" width=\"168\" height=\"164\" media=\"(max-width: 414px)\" \/><source srcset=\"https:\/\/www.katheraugenstein.com:443\/app\/uploads\/Screenshot-2024-10-30-151354.jpg\" width=\"168\" height=\"164\" media=\"(max-width: 767px)\" \/><source srcset=\"https:\/\/www.katheraugenstein.com:443\/app\/uploads\/Screenshot-2024-10-30-151354.jpg\" width=\"168\" height=\"164\" media=\"(max-width: 1299px)\" \/><img decoding=\"async\" src=\"https:\/\/www.katheraugenstein.com:443\/app\/uploads\/Screenshot-2024-10-30-151354.jpg\" width=\"168\" height=\"164\" alt=\"\" class=\"image-box__image\" loading=\"lazy\" \/><\/picture><\/a>\t\t\t\t\t\t\t<a href=\"https:\/\/www.leadersleague.com\/en\/peoples\/miriam-kiefer\"><picture class=\"image-box__image-container\"><source srcset=\"https:\/\/www.katheraugenstein.com:443\/app\/uploads\/Leaders-League-Auszeichnung-1-414x414.webp\" width=\"414\" height=\"414\" media=\"(max-width: 414px)\" \/><source srcset=\"https:\/\/www.katheraugenstein.com:443\/app\/uploads\/Leaders-League-Auszeichnung-1-767x767.webp\" width=\"767\" height=\"767\" media=\"(max-width: 767px)\" \/><source srcset=\"https:\/\/www.katheraugenstein.com:443\/app\/uploads\/Leaders-League-Auszeichnung-1-1299x1299.webp\" width=\"1299\" height=\"1299\" media=\"(max-width: 1299px)\" \/><img decoding=\"async\" src=\"https:\/\/www.katheraugenstein.com:443\/app\/uploads\/Leaders-League-Auszeichnung-1-e1730293167368.webp\" width=\"214\" height=\"214\" alt=\"\" class=\"image-box__image\" loading=\"lazy\" \/><\/picture><\/a>\t\t\t\t\t\t\t<a href=\"https:\/\/www.iam-media.com\/rankings\/patent-1000\/profile\/person\/miriam-kiefer\"><picture class=\"image-box__image-container\"><source srcset=\"https:\/\/www.katheraugenstein.com:443\/app\/uploads\/iam1000-1-e1700133711969.jpg\" width=\"300\" height=\"225\" media=\"(max-width: 414px)\" \/><source srcset=\"https:\/\/www.katheraugenstein.com:443\/app\/uploads\/iam1000-1-e1700133711969.jpg\" width=\"300\" height=\"225\" media=\"(max-width: 767px)\" \/><source srcset=\"https:\/\/www.katheraugenstein.com:443\/app\/uploads\/iam1000-1-e1700133711969.jpg\" width=\"300\" height=\"225\" media=\"(max-width: 1299px)\" \/><img decoding=\"async\" src=\"https:\/\/www.katheraugenstein.com:443\/app\/uploads\/iam1000-1-e1700133711969.jpg\" width=\"300\" height=\"225\" alt=\"\" class=\"image-box__image\" loading=\"lazy\" \/><\/picture><\/a>\t\t\t\t\t\t\t<a href=\"https:\/\/www.ipstars.com\/Lawyer\/Miriam-Kiefer-Germany\/Profile\/73949#undefined\"><picture class=\"image-box__image-container\"><source srcset=\"https:\/\/www.katheraugenstein.com:443\/app\/uploads\/2024_IPStarsTop250WomeninIPBadge-414x675.png\" width=\"414\" height=\"675\" media=\"(max-width: 414px)\" \/><source srcset=\"https:\/\/www.katheraugenstein.com:443\/app\/uploads\/2024_IPStarsTop250WomeninIPBadge-e1739184457992.png\" width=\"131\" height=\"214\" media=\"(max-width: 767px)\" \/><source srcset=\"https:\/\/www.katheraugenstein.com:443\/app\/uploads\/2024_IPStarsTop250WomeninIPBadge-e1739184457992.png\" width=\"131\" height=\"214\" media=\"(max-width: 1299px)\" \/><img decoding=\"async\" src=\"https:\/\/www.katheraugenstein.com:443\/app\/uploads\/2024_IPStarsTop250WomeninIPBadge-e1739184457992.png\" width=\"131\" height=\"214\" alt=\"\" class=\"image-box__image\" loading=\"lazy\" \/><\/picture><\/a>\t\t\t\t\t\t\t<a href=\"https:\/\/www.ipstars.com\/Lawyer\/Miriam-Kiefer\/Profile\/73949#profile\"><picture class=\"image-box__image-container\"><source srcset=\"https:\/\/www.katheraugenstein.com:443\/app\/uploads\/IP-STARS_23_IP-Star-414x675.png\" width=\"414\" height=\"675\" media=\"(max-width: 414px)\" \/><source srcset=\"https:\/\/www.katheraugenstein.com:443\/app\/uploads\/IP-STARS_23_IP-Star-e1690798652754.png\" width=\"131\" height=\"214\" media=\"(max-width: 767px)\" \/><source srcset=\"https:\/\/www.katheraugenstein.com:443\/app\/uploads\/IP-STARS_23_IP-Star-e1690798652754.png\" width=\"131\" height=\"214\" media=\"(max-width: 1299px)\" \/><img decoding=\"async\" src=\"https:\/\/www.katheraugenstein.com:443\/app\/uploads\/IP-STARS_23_IP-Star-e1690798652754.png\" width=\"131\" height=\"214\" alt=\"\" class=\"image-box__image\" loading=\"lazy\" \/><\/picture><\/a>\t\t\t\t\t\t\t<a href=\"https:\/\/www.legal500.com\/firms\/17753-kather-augenstein-rechtsanwalte\/c-germany\/lawyers\/604095-miriam-kiefer-llm\"><picture class=\"image-box__image-container\"><source srcset=\"https:\/\/www.katheraugenstein.com:443\/app\/uploads\/de-leading-individual-2024.webp\" width=\"147\" height=\"213\" media=\"(max-width: 414px)\" \/><source srcset=\"https:\/\/www.katheraugenstein.com:443\/app\/uploads\/de-leading-individual-2024.webp\" width=\"147\" height=\"213\" media=\"(max-width: 767px)\" \/><source srcset=\"https:\/\/www.katheraugenstein.com:443\/app\/uploads\/de-leading-individual-2024.webp\" width=\"147\" height=\"213\" media=\"(max-width: 1299px)\" \/><img decoding=\"async\" src=\"https:\/\/www.katheraugenstein.com:443\/app\/uploads\/de-leading-individual-2024.webp\" width=\"147\" height=\"213\" alt=\"\" class=\"image-box__image\" loading=\"lazy\" \/><\/picture><\/a>\t\t\t\t\t<\/div>\n\n\t\t\t<\/section>\n","protected":false},"excerpt":{"rendered":"","protected":false},"author":4,"featured_media":0,"parent":2679,"menu_order":2,"comment_status":"closed","ping_status":"closed","template":"","meta":{"_acf_changed":false,"inline_featured_image":false,"footnotes":""},"class_list":["post-2662","page","type-page","status-publish","hentry"],"acf":[],"_links":{"self":[{"href":"https:\/\/www.katheraugenstein.com\/en\/wp-json\/wp\/v2\/pages\/2662","targetHints":{"allow":["GET"]}}],"collection":[{"href":"https:\/\/www.katheraugenstein.com\/en\/wp-json\/wp\/v2\/pages"}],"about":[{"href":"https:\/\/www.katheraugenstein.com\/en\/wp-json\/wp\/v2\/types\/page"}],"author":[{"embeddable":true,"href":"https:\/\/www.katheraugenstein.com\/en\/wp-json\/wp\/v2\/users\/4"}],"replies":[{"embeddable":true,"href":"https:\/\/www.katheraugenstein.com\/en\/wp-json\/wp\/v2\/comments?post=2662"}],"version-history":[{"count":23,"href":"https:\/\/www.katheraugenstein.com\/en\/wp-json\/wp\/v2\/pages\/2662\/revisions"}],"predecessor-version":[{"id":6587,"href":"https:\/\/www.katheraugenstein.com\/en\/wp-json\/wp\/v2\/pages\/2662\/revisions\/6587"}],"up":[{"embeddable":true,"href":"https:\/\/www.katheraugenstein.com\/en\/wp-json\/wp\/v2\/pages\/2679"}],"wp:attachment":[{"href":"https:\/\/www.katheraugenstein.com\/en\/wp-json\/wp\/v2\/media?parent=2662"}],"curies":[{"name":"wp","href":"https:\/\/api.w.org\/{rel}","templated":true}]}}