{"id":3551,"date":"2023-03-15T12:49:20","date_gmt":"2023-03-15T12:49:20","guid":{"rendered":"https:\/\/www.katheraugenstein.com\/team\/kathrin-kiefer\/"},"modified":"2023-03-15T12:49:20","modified_gmt":"2023-03-15T12:49:20","slug":"kathrin-kiefer","status":"publish","type":"page","link":"https:\/\/www.katheraugenstein.com\/en\/team\/kathrin-kiefer\/","title":{"rendered":"Kathrin Kiefer"},"content":{"rendered":"\t<section class=\"section big-visual parallax\" data-parallax-min-screen-width=\"768\">\n\t\t<picture class=\"big-visual__image-container\"><source srcset=\"https:\/\/www.katheraugenstein.com:443\/app\/uploads\/2022\/12\/KA-6317_tech-1-414x221.jpg\" width=\"414\" height=\"221\" media=\"(max-width: 414px)\" \/><source srcset=\"https:\/\/www.katheraugenstein.com:443\/app\/uploads\/2022\/12\/KA-6317_tech-1-767x410.jpg\" width=\"767\" height=\"410\" media=\"(max-width: 767px)\" \/><img fetchpriority=\"high\" decoding=\"async\" src=\"https:\/\/www.katheraugenstein.com:443\/app\/uploads\/2022\/12\/KA-6317_tech-1-1920x650.jpg\" width=\"1920\" height=\"650\" alt=\"\" class=\"big-visual__image parallax__load-image\" loading=\"edge\" \/><\/picture>\n\t\t<div class=\"big-visual__content-container\">\n\t\t\t<div class=\"big-visual__content parallax__item\" data-parallax-type=\"move\" data-parallax-orientation=\"up\" data-parallax-distance=\"70%\">\n\t\t\t\t<h1 class=\"big-visual__title big-visual__title--small\">Kathrin<strong> Kiefer<\/strong><\/h1>\n\t\t\t\t<p class=\"big-visual__text\">Marketing &amp; Kommunikation<\/p>\n\t\t\t<\/div>\n\t\t<\/div>\n\t<\/section>\n\n\n\t<section class=\"section text-box text-box--variant-3 parallax\">\n\t\t\t\t\t<h2 class=\"h1 text-box__title\">\t\t\t\tVita<\/h2>\n\t\t\n\t\t\t\t\t<div class=\"text-box__text\">\n\t\t\t\t<p class=\"text--intro\">Mein Name ist Kathrin Kiefer. Ich bin seit dem Jahr 2021 f\u00fcr die Kanzlei Kather Augenstein t\u00e4tig.<\/p>\n<p>Ich bin f\u00fcr die Marketingaktivit\u00e4ten rund um das Content Management, Social Media sowie die Unternehmenskommunikation der Kanzlei zust\u00e4ndig.\u00a0<\/p>\t\t\t<\/div>\n\t\t\n\t\t\t\t<aside class=\"text-box__aside\">\n\t\t\t<h3 class=\"h3\">Kontakt<\/h3>\n\t\t\t<p><a class=\"link--tel\" href=\"tel: +492115135360\">+49(0)211 513536-0<\/a><\/p>\n<p><a class=\"link--download link--vcard\" href=\"kathrin.kiefer@katheraugenstein.com\">kathrin.kiefer@katheraugenstein.com<\/a><\/p>\n<p>vCard<\/p>\n<p class=\"text--intro\">Deutsch, Englisch<\/p>\t\t<\/aside>\n\t\t\n\t\t\t\t\t<div class=\"section__background section__background--01 \">\n\t\t\t\t<div class=\"parallax__item\" data-parallax-type=\"move\" data-parallax-orientation=\"down\" data-parallax-distance=\"80%\">\n\t\t\t\t\t<svg aria-hidden=\"true\">\n\t\t\t\t\t\t<use href=\"\/app\/themes\/kather-augenstein\/images\/sprites\/icons.svg#kather-augenstein\"><\/use>\n\t\t\t\t\t<\/svg>\n\t\t\t\t<\/div>\n\t\t\t<\/div>\n\t\t\t<\/section>\n","protected":false},"excerpt":{"rendered":"","protected":false},"author":4,"featured_media":0,"parent":619,"menu_order":18,"comment_status":"closed","ping_status":"closed","template":"","meta":{"_acf_changed":false,"inline_featured_image":false,"footnotes":""},"class_list":["post-3551","page","type-page","status-publish","hentry"],"acf":[],"_links":{"self":[{"href":"https:\/\/www.katheraugenstein.com\/en\/wp-json\/wp\/v2\/pages\/3551","targetHints":{"allow":["GET"]}}],"collection":[{"href":"https:\/\/www.katheraugenstein.com\/en\/wp-json\/wp\/v2\/pages"}],"about":[{"href":"https:\/\/www.katheraugenstein.com\/en\/wp-json\/wp\/v2\/types\/page"}],"author":[{"embeddable":true,"href":"https:\/\/www.katheraugenstein.com\/en\/wp-json\/wp\/v2\/users\/4"}],"replies":[{"embeddable":true,"href":"https:\/\/www.katheraugenstein.com\/en\/wp-json\/wp\/v2\/comments?post=3551"}],"version-history":[{"count":0,"href":"https:\/\/www.katheraugenstein.com\/en\/wp-json\/wp\/v2\/pages\/3551\/revisions"}],"up":[{"embeddable":true,"href":"https:\/\/www.katheraugenstein.com\/en\/wp-json\/wp\/v2\/pages\/619"}],"wp:attachment":[{"href":"https:\/\/www.katheraugenstein.com\/en\/wp-json\/wp\/v2\/media?parent=3551"}],"curies":[{"name":"wp","href":"https:\/\/api.w.org\/{rel}","templated":true}]}}